{"id":667,"date":"2023-11-24T09:54:44","date_gmt":"2023-11-24T09:54:44","guid":{"rendered":"https:\/\/www.nautilago.com\/?page_id=667"},"modified":"2026-03-01T10:54:08","modified_gmt":"2026-03-01T10:54:08","slug":"la-nautilago","status":"publish","type":"page","link":"https:\/\/www.nautilago.com\/?page_id=667","title":{"rendered":"La Nautilago"},"content":{"rendered":"\t\t<div data-elementor-type=\"wp-page\" data-elementor-id=\"667\" class=\"elementor elementor-667\" data-elementor-post-type=\"page\">\n\t\t\t\t<div class=\"elementor-element elementor-element-d99a747 e-flex e-con-boxed e-con e-parent\" data-id=\"d99a747\" data-element_type=\"container\" data-e-type=\"container\">\n\t\t\t\t\t<div class=\"e-con-inner\">\n\t\t\t\t<div class=\"elementor-element elementor-element-084afc2 elementor-widget elementor-widget-heading\" data-id=\"084afc2\" data-element_type=\"widget\" data-e-type=\"widget\" data-widget_type=\"heading.default\">\n\t\t\t\t<div class=\"elementor-widget-container\">\n\t\t\t\t\t<h1 class=\"elementor-heading-title elementor-size-default\">La Nautilago<\/h1>\t\t\t\t<\/div>\n\t\t\t\t<\/div>\n\t\t\t\t\t<\/div>\n\t\t\t\t<\/div>\n\t\t<div class=\"elementor-element elementor-element-fa217bb e-flex e-con-boxed e-con e-parent\" data-id=\"fa217bb\" data-element_type=\"container\" data-e-type=\"container\">\n\t\t\t\t\t<div class=\"e-con-inner\">\n\t\t\t\t<div class=\"elementor-element elementor-element-5673807 elementor-widget elementor-widget-text-editor\" data-id=\"5673807\" data-element_type=\"widget\" data-e-type=\"widget\" data-widget_type=\"text-editor.default\">\n\t\t\t\t<div class=\"elementor-widget-container\">\n\t\t\t\t\t\t\t\t\t<p>L&#8217;associazione sportiva dilettantistica Nautilago \u00e8 nata nel 1979 con lo scopo di diffusione, conoscenza e pratica dello sport della vela sul Lago dei Tre Comuni.<\/p>\n<p>L&#8217;a.s.d. Nautilago con la sua scuola \u00e8 iscritta alla Federazione Italiana Vela (FIV) e rispetta le norme CONI.<\/p>\n<p>La conoscenza e la pratica degli sport della vela \u00e8 attuata tramite&nbsp; corsi vela per bambini ragazzi e adulti, in collaborazione con enti, associazioni, scuole di ogni ordine e grado ed attivit\u00e0 sportive di carattere regionale e nazionale.<\/p>\n<p>L&#8217;associazione non ha fini di lucro ed \u00e8 gestita e mantenuta viva grazie alla passione dei suoi Soci che gratuitamente dedicano tempo e competenze.<\/p>\n<p align=\"left\">E&#8217; sempre possibile sostenere l\u2019associazione anche attraverso la donazione del 5\u00d71000, un gesto semplice che non comporta alcun costo ma che apprezziamo molto. Per&nbsp;destinare il 5\u00d71000 all&#8217;a.s.d. Nautilago \u00e8 sufficiente indicare il nostro Codice Fiscale: 91000240308 nell\u2019apposito spazio della dichiarazione dei redditi, firmando nel riquadro Associazioni Sportive Dilettantistiche riconosciute dal CONI.<\/p>\t\t\t\t\t\t\t\t<\/div>\n\t\t\t\t<\/div>\n\t\t\t\t\t<\/div>\n\t\t\t\t<\/div>\n\t\t<div class=\"elementor-element elementor-element-e8df151 e-flex e-con-boxed e-con e-parent\" data-id=\"e8df151\" data-element_type=\"container\" data-e-type=\"container\">\n\t\t\t\t\t<div class=\"e-con-inner\">\n\t\t\t\t<div class=\"elementor-element elementor-element-a9ffa1b elementor-widget elementor-widget-heading\" data-id=\"a9ffa1b\" data-element_type=\"widget\" data-e-type=\"widget\" data-widget_type=\"heading.default\">\n\t\t\t\t<div class=\"elementor-widget-container\">\n\t\t\t\t\t<h3 class=\"elementor-heading-title elementor-size-default\">Consiglio direttivo<\/h3>\t\t\t\t<\/div>\n\t\t\t\t<\/div>\n\t\t\t\t<div class=\"elementor-element elementor-element-b205262 elementor-widget elementor-widget-text-editor\" data-id=\"b205262\" data-element_type=\"widget\" data-e-type=\"widget\" data-widget_type=\"text-editor.default\">\n\t\t\t\t<div class=\"elementor-widget-container\">\n\t\t\t\t\t\t\t\t\t<ul><li>Presidente:\u00a0 \u00a0Tomaso Pressacco<\/li><li>Vice Presidente: Matteo Michielon<\/li><li>Segretario e Responsabile Safe Guarding: Sandro De Sabbata<\/li><li>Tesoriere: Gianfrancesco Valentino<\/li><li>Responsabile sportivo: Stefano Calligaro<\/li><li>Responsabile lavoratori sportivi: Giacomo Pamio<\/li><li>Relazioni con il pubblico: Andrea Basile\u00a0\u00a0<\/li><\/ul>\t\t\t\t\t\t\t\t<\/div>\n\t\t\t\t<\/div>\n\t\t\t\t\t<\/div>\n\t\t\t\t<\/div>\n\t\t<div class=\"elementor-element elementor-element-3bb7d9f e-flex e-con-boxed e-con e-parent\" data-id=\"3bb7d9f\" data-element_type=\"container\" data-e-type=\"container\">\n\t\t\t\t\t<div class=\"e-con-inner\">\n\t\t\t\t<div class=\"elementor-element elementor-element-03a45d3 elementor-widget elementor-widget-heading\" data-id=\"03a45d3\" data-element_type=\"widget\" data-e-type=\"widget\" data-widget_type=\"heading.default\">\n\t\t\t\t<div class=\"elementor-widget-container\">\n\t\t\t\t\t<h3 class=\"elementor-heading-title elementor-size-default\">Pubblicazione dei contributi ricevuti ai sensi della L. 4.8.17 n. 124 art. 1,  commi da 125 a 127  <\/h3>\t\t\t\t<\/div>\n\t\t\t\t<\/div>\n\t\t\t\t\t<\/div>\n\t\t\t\t<\/div>\n\t\t<div class=\"elementor-element elementor-element-8c90eff e-flex e-con-boxed e-con e-parent\" data-id=\"8c90eff\" data-element_type=\"container\" data-e-type=\"container\">\n\t\t\t\t\t<div class=\"e-con-inner\">\n\t\t\t\t<div class=\"elementor-element elementor-element-aeede6b elementor-widget elementor-widget-text-editor\" data-id=\"aeede6b\" data-element_type=\"widget\" data-e-type=\"widget\" data-widget_type=\"text-editor.default\">\n\t\t\t\t<div class=\"elementor-widget-container\">\n\t\t\t\t\t\t\t\t\t<ul><li>Per manutenzioni ordinarie della sede\u00a0\u00a0(art. 4 L.R. 3.4.2003 n. 8): Regione autonoma Friuli Venezia Giulia, esercizio finanziario 2024: 35.910,00 euro.<\/li><li>Per acquisto barca a vela (art. 5 L.R. 3.4.2003 n. 8):\u00a0Regione autonoma Friuli Venezia Giulia, esercizio finanziario 2025: 5.000,00 euro.<\/li><\/ul>\t\t\t\t\t\t\t\t<\/div>\n\t\t\t\t<\/div>\n\t\t\t\t\t<\/div>\n\t\t\t\t<\/div>\n\t\t\t\t<\/div>\n\t\t","protected":false},"excerpt":{"rendered":"<p>La Nautilago L&#8217;associazione sportiva dilettantistica Nautilago \u00e8 nata nel 1979 con lo scopo di diffusione, conoscenza e pratica dello sport della vela sul Lago dei Tre Comuni. L&#8217;a.s.d. Nautilago con la sua scuola \u00e8 iscritta alla Federazione Italiana Vela (FIV) e rispetta le norme CONI. La conoscenza e la pratica degli sport della vela \u00e8 [&hellip;]<\/p>\n","protected":false},"author":1,"featured_media":0,"parent":0,"menu_order":0,"comment_status":"closed","ping_status":"closed","template":"elementor_header_footer","meta":{"footnotes":""},"class_list":["post-667","page","type-page","status-publish","hentry"],"blocksy_meta":[],"yoast_head":"<!-- This site is optimized with the Yoast SEO plugin v27.4 - https:\/\/yoast.com\/product\/yoast-seo-wordpress\/ -->\n<title>La Nautilago - A.S.D. Nautilago<\/title>\n<meta name=\"robots\" content=\"index, follow, max-snippet:-1, max-image-preview:large, max-video-preview:-1\" \/>\n<link rel=\"canonical\" href=\"https:\/\/www.nautilago.com\/?page_id=667\" \/>\n<meta property=\"og:locale\" content=\"it_IT\" \/>\n<meta property=\"og:type\" content=\"article\" \/>\n<meta property=\"og:title\" content=\"La Nautilago - A.S.D. Nautilago\" \/>\n<meta property=\"og:description\" content=\"La Nautilago L&#8217;associazione sportiva dilettantistica Nautilago \u00e8 nata nel 1979 con lo scopo di diffusione, conoscenza e pratica dello sport della vela sul Lago dei Tre Comuni. L&#8217;a.s.d. Nautilago con la sua scuola \u00e8 iscritta alla Federazione Italiana Vela (FIV) e rispetta le norme CONI. La conoscenza e la pratica degli sport della vela \u00e8 [&hellip;]\" \/>\n<meta property=\"og:url\" content=\"https:\/\/www.nautilago.com\/?page_id=667\" \/>\n<meta property=\"og:site_name\" content=\"A.S.D. Nautilago\" \/>\n<meta property=\"article:publisher\" content=\"https:\/\/www.facebook.com\/nautilago\" \/>\n<meta property=\"article:modified_time\" content=\"2026-03-01T10:54:08+00:00\" \/>\n<meta name=\"twitter:card\" content=\"summary_large_image\" \/>\n<meta name=\"twitter:label1\" content=\"Tempo di lettura stimato\" \/>\n\t<meta name=\"twitter:data1\" content=\"2 minuti\" \/>\n<script type=\"application\/ld+json\" class=\"yoast-schema-graph\">{\"@context\":\"https:\\\/\\\/schema.org\",\"@graph\":[{\"@type\":\"WebPage\",\"@id\":\"https:\\\/\\\/www.nautilago.com\\\/?page_id=667\",\"url\":\"https:\\\/\\\/www.nautilago.com\\\/?page_id=667\",\"name\":\"La Nautilago - A.S.D. Nautilago\",\"isPartOf\":{\"@id\":\"https:\\\/\\\/www.nautilago.com\\\/#website\"},\"datePublished\":\"2023-11-24T09:54:44+00:00\",\"dateModified\":\"2026-03-01T10:54:08+00:00\",\"breadcrumb\":{\"@id\":\"https:\\\/\\\/www.nautilago.com\\\/?page_id=667#breadcrumb\"},\"inLanguage\":\"it-IT\",\"potentialAction\":[{\"@type\":\"ReadAction\",\"target\":[\"https:\\\/\\\/www.nautilago.com\\\/?page_id=667\"]}]},{\"@type\":\"BreadcrumbList\",\"@id\":\"https:\\\/\\\/www.nautilago.com\\\/?page_id=667#breadcrumb\",\"itemListElement\":[{\"@type\":\"ListItem\",\"position\":1,\"name\":\"Home\",\"item\":\"https:\\\/\\\/www.nautilago.com\\\/\"},{\"@type\":\"ListItem\",\"position\":2,\"name\":\"La Nautilago\"}]},{\"@type\":\"WebSite\",\"@id\":\"https:\\\/\\\/www.nautilago.com\\\/#website\",\"url\":\"https:\\\/\\\/www.nautilago.com\\\/\",\"name\":\"A.S.D. Nautilago\",\"description\":\"\",\"publisher\":{\"@id\":\"https:\\\/\\\/www.nautilago.com\\\/#organization\"},\"potentialAction\":[{\"@type\":\"SearchAction\",\"target\":{\"@type\":\"EntryPoint\",\"urlTemplate\":\"https:\\\/\\\/www.nautilago.com\\\/?s={search_term_string}\"},\"query-input\":{\"@type\":\"PropertyValueSpecification\",\"valueRequired\":true,\"valueName\":\"search_term_string\"}}],\"inLanguage\":\"it-IT\"},{\"@type\":\"Organization\",\"@id\":\"https:\\\/\\\/www.nautilago.com\\\/#organization\",\"name\":\"A.S.D. Nautilago\",\"url\":\"https:\\\/\\\/www.nautilago.com\\\/\",\"logo\":{\"@type\":\"ImageObject\",\"inLanguage\":\"it-IT\",\"@id\":\"https:\\\/\\\/www.nautilago.com\\\/#\\\/schema\\\/logo\\\/image\\\/\",\"url\":\"https:\\\/\\\/www.nautilago.com\\\/wp-content\\\/uploads\\\/2023\\\/11\\\/logo-nautilago.webp\",\"contentUrl\":\"https:\\\/\\\/www.nautilago.com\\\/wp-content\\\/uploads\\\/2023\\\/11\\\/logo-nautilago.webp\",\"width\":70,\"height\":72,\"caption\":\"A.S.D. Nautilago\"},\"image\":{\"@id\":\"https:\\\/\\\/www.nautilago.com\\\/#\\\/schema\\\/logo\\\/image\\\/\"},\"sameAs\":[\"https:\\\/\\\/www.facebook.com\\\/nautilago\",\"https:\\\/\\\/www.instagram.com\\\/nautilago\"]}]}<\/script>\n<!-- \/ Yoast SEO plugin. -->","yoast_head_json":{"title":"La Nautilago - A.S.D. Nautilago","robots":{"index":"index","follow":"follow","max-snippet":"max-snippet:-1","max-image-preview":"max-image-preview:large","max-video-preview":"max-video-preview:-1"},"canonical":"https:\/\/www.nautilago.com\/?page_id=667","og_locale":"it_IT","og_type":"article","og_title":"La Nautilago - A.S.D. Nautilago","og_description":"La Nautilago L&#8217;associazione sportiva dilettantistica Nautilago \u00e8 nata nel 1979 con lo scopo di diffusione, conoscenza e pratica dello sport della vela sul Lago dei Tre Comuni. L&#8217;a.s.d. Nautilago con la sua scuola \u00e8 iscritta alla Federazione Italiana Vela (FIV) e rispetta le norme CONI. La conoscenza e la pratica degli sport della vela \u00e8 [&hellip;]","og_url":"https:\/\/www.nautilago.com\/?page_id=667","og_site_name":"A.S.D. Nautilago","article_publisher":"https:\/\/www.facebook.com\/nautilago","article_modified_time":"2026-03-01T10:54:08+00:00","twitter_card":"summary_large_image","twitter_misc":{"Tempo di lettura stimato":"2 minuti"},"schema":{"@context":"https:\/\/schema.org","@graph":[{"@type":"WebPage","@id":"https:\/\/www.nautilago.com\/?page_id=667","url":"https:\/\/www.nautilago.com\/?page_id=667","name":"La Nautilago - A.S.D. Nautilago","isPartOf":{"@id":"https:\/\/www.nautilago.com\/#website"},"datePublished":"2023-11-24T09:54:44+00:00","dateModified":"2026-03-01T10:54:08+00:00","breadcrumb":{"@id":"https:\/\/www.nautilago.com\/?page_id=667#breadcrumb"},"inLanguage":"it-IT","potentialAction":[{"@type":"ReadAction","target":["https:\/\/www.nautilago.com\/?page_id=667"]}]},{"@type":"BreadcrumbList","@id":"https:\/\/www.nautilago.com\/?page_id=667#breadcrumb","itemListElement":[{"@type":"ListItem","position":1,"name":"Home","item":"https:\/\/www.nautilago.com\/"},{"@type":"ListItem","position":2,"name":"La Nautilago"}]},{"@type":"WebSite","@id":"https:\/\/www.nautilago.com\/#website","url":"https:\/\/www.nautilago.com\/","name":"A.S.D. Nautilago","description":"","publisher":{"@id":"https:\/\/www.nautilago.com\/#organization"},"potentialAction":[{"@type":"SearchAction","target":{"@type":"EntryPoint","urlTemplate":"https:\/\/www.nautilago.com\/?s={search_term_string}"},"query-input":{"@type":"PropertyValueSpecification","valueRequired":true,"valueName":"search_term_string"}}],"inLanguage":"it-IT"},{"@type":"Organization","@id":"https:\/\/www.nautilago.com\/#organization","name":"A.S.D. Nautilago","url":"https:\/\/www.nautilago.com\/","logo":{"@type":"ImageObject","inLanguage":"it-IT","@id":"https:\/\/www.nautilago.com\/#\/schema\/logo\/image\/","url":"https:\/\/www.nautilago.com\/wp-content\/uploads\/2023\/11\/logo-nautilago.webp","contentUrl":"https:\/\/www.nautilago.com\/wp-content\/uploads\/2023\/11\/logo-nautilago.webp","width":70,"height":72,"caption":"A.S.D. Nautilago"},"image":{"@id":"https:\/\/www.nautilago.com\/#\/schema\/logo\/image\/"},"sameAs":["https:\/\/www.facebook.com\/nautilago","https:\/\/www.instagram.com\/nautilago"]}]}},"_links":{"self":[{"href":"https:\/\/www.nautilago.com\/index.php?rest_route=\/wp\/v2\/pages\/667","targetHints":{"allow":["GET"]}}],"collection":[{"href":"https:\/\/www.nautilago.com\/index.php?rest_route=\/wp\/v2\/pages"}],"about":[{"href":"https:\/\/www.nautilago.com\/index.php?rest_route=\/wp\/v2\/types\/page"}],"author":[{"embeddable":true,"href":"https:\/\/www.nautilago.com\/index.php?rest_route=\/wp\/v2\/users\/1"}],"replies":[{"embeddable":true,"href":"https:\/\/www.nautilago.com\/index.php?rest_route=%2Fwp%2Fv2%2Fcomments&post=667"}],"version-history":[{"count":46,"href":"https:\/\/www.nautilago.com\/index.php?rest_route=\/wp\/v2\/pages\/667\/revisions"}],"predecessor-version":[{"id":2135,"href":"https:\/\/www.nautilago.com\/index.php?rest_route=\/wp\/v2\/pages\/667\/revisions\/2135"}],"wp:attachment":[{"href":"https:\/\/www.nautilago.com\/index.php?rest_route=%2Fwp%2Fv2%2Fmedia&parent=667"}],"curies":[{"name":"wp","href":"https:\/\/api.w.org\/{rel}","templated":true}]}}